{"id":2,"date":"2020-03-08T20:00:00","date_gmt":"2020-03-08T20:00:00","guid":{"rendered":"http:\/\/gymieducation.com\/www\/?page_id=2"},"modified":"2022-03-26T08:47:03","modified_gmt":"2022-03-26T07:47:03","slug":"training-videos","status":"publish","type":"page","link":"https:\/\/gymieducation.com\/de\/training-videos\/","title":{"rendered":"Unterst\u00fctzende Videos"},"content":{"rendered":"<p>\u00dcbungen, Tutorials und Demonstrationen<\/p>\n<blockquote><p><span>Wenn Sie dem Gymi-Bildungsprogramm beitreten, wissen Sie, dass Sie vom Gymi-Team volle Unterst\u00fctzung erhalten. <\/span><span>Wir bieten unterst\u00fctzende Videos f\u00fcr Sie als P\u00e4dagogen: \u00dcbungen, Tutorials und Demonstrationen.<\/span><\/p><\/blockquote>\n","protected":false},"excerpt":{"rendered":"<p>\u00dcbungen, Tutorials und Demonstrationen Wenn Sie dem Gymi-Bildungsprogramm beitreten, wissen Sie, dass Sie vom Gymi-Team volle Unterst\u00fctzung erhalten. Wir bieten unterst\u00fctzende Videos f\u00fcr Sie als P\u00e4dagogen: \u00dcbungen, Tutorials und Demonstrationen.<\/p>\n","protected":false},"author":1,"featured_media":344,"parent":0,"menu_order":0,"comment_status":"closed","ping_status":"open","template":"","meta":[],"_links":{"self":[{"href":"https:\/\/gymieducation.com\/de\/wp-json\/wp\/v2\/pages\/2"}],"collection":[{"href":"https:\/\/gymieducation.com\/de\/wp-json\/wp\/v2\/pages"}],"about":[{"href":"https:\/\/gymieducation.com\/de\/wp-json\/wp\/v2\/types\/page"}],"author":[{"embeddable":true,"href":"https:\/\/gymieducation.com\/de\/wp-json\/wp\/v2\/users\/1"}],"replies":[{"embeddable":true,"href":"https:\/\/gymieducation.com\/de\/wp-json\/wp\/v2\/comments?post=2"}],"version-history":[{"count":4,"href":"https:\/\/gymieducation.com\/de\/wp-json\/wp\/v2\/pages\/2\/revisions"}],"predecessor-version":[{"id":545,"href":"https:\/\/gymieducation.com\/de\/wp-json\/wp\/v2\/pages\/2\/revisions\/545"}],"wp:featuredmedia":[{"embeddable":true,"href":"https:\/\/gymieducation.com\/de\/wp-json\/wp\/v2\/media\/344"}],"wp:attachment":[{"href":"https:\/\/gymieducation.com\/de\/wp-json\/wp\/v2\/media?parent=2"}],"curies":[{"name":"wp","href":"https:\/\/api.w.org\/{rel}","templated":true}]}}