{"id":408,"date":"2022-02-16T22:23:25","date_gmt":"2022-02-16T20:23:25","guid":{"rendered":"http:\/\/gymieducation.com\/www\/?page_id=408"},"modified":"2022-03-18T08:42:22","modified_gmt":"2022-03-18T07:42:22","slug":"partnerschaft","status":"publish","type":"page","link":"https:\/\/gymieducation.com\/de\/partnerschaft\/","title":{"rendered":"Partnerschaft"},"content":{"rendered":"\n<div class=\"wp-container-1 wp-block-group alignwide\"><div class=\"wp-block-group__inner-container\">\n<h2 class=\"has-text-align-left\"><img loading=\"lazy\" width=\"316\" height=\"315\" class=\"wp-image-405\" style=\"width: 110px;\" src=\"http:\/\/gymieducation.com\/www\/wp-content\/uploads\/2022\/02\/maapallo_pointter_small.png\" alt=\"\" srcset=\"https:\/\/gymieducation.com\/de\/wp-content\/uploads\/2022\/02\/maapallo_pointter_small.png 316w, https:\/\/gymieducation.com\/de\/wp-content\/uploads\/2022\/02\/maapallo_pointter_small-300x300.png 300w, https:\/\/gymieducation.com\/de\/wp-content\/uploads\/2022\/02\/maapallo_pointter_small-150x150.png 150w, https:\/\/gymieducation.com\/de\/wp-content\/uploads\/2022\/02\/maapallo_pointter_small-60x60.png 60w\" sizes=\"(max-width: 316px) 100vw, 316px\" \/><\/h2>\n\n\n\n<h2>Modelle f\u00fcr eine Partnerschaft<br>f\u00fcr Vorschulen, Kinderg\u00e4rten, Schulen<br>und Freizeitaktivit\u00e4ten<\/h2>\n<\/div><\/div>\n\n\n\n<figure class=\"wp-block-image size-large\"><img loading=\"lazy\" width=\"1024\" height=\"606\" src=\"http:\/\/gymieducation.com\/www\/wp-content\/uploads\/2022\/03\/Gymi-Education-program_models-1024x606.png\" alt=\"\" class=\"wp-image-508\" srcset=\"https:\/\/gymieducation.com\/de\/wp-content\/uploads\/2022\/03\/Gymi-Education-program_models-1024x606.png 1024w, https:\/\/gymieducation.com\/de\/wp-content\/uploads\/2022\/03\/Gymi-Education-program_models-300x178.png 300w, https:\/\/gymieducation.com\/de\/wp-content\/uploads\/2022\/03\/Gymi-Education-program_models-768x455.png 768w, https:\/\/gymieducation.com\/de\/wp-content\/uploads\/2022\/03\/Gymi-Education-program_models-101x60.png 101w, https:\/\/gymieducation.com\/de\/wp-content\/uploads\/2022\/03\/Gymi-Education-program_models.png 1135w\" sizes=\"(max-width: 1024px) 100vw, 1024px\" \/><\/figure>\n\n\n\n<div class=\"wp-container-2 wp-block-group\"><div class=\"wp-block-group__inner-container\">\n<hr class=\"wp-block-separator is-style-wide\"\/>\n<\/div><\/div>\n\n\n\n<div style=\"height:49px\" aria-hidden=\"true\" class=\"wp-block-spacer\"><\/div>\n\n\n\n<h2>Vorschulen und Kinderg\u00e4rten <img loading=\"lazy\" width=\"200\" height=\"200\" class=\"wp-image-77\" style=\"width: 100px;\" src=\"http:\/\/gymieducation.com\/www\/wp-content\/uploads\/2020\/03\/Pallot_luna_hernepussi-e1585152581931.png\" alt=\"\"><\/h2>\n\n\n\n<h3><img loading=\"lazy\" width=\"150\" height=\"151\" class=\"wp-image-453\" style=\"width: 50px;\" src=\"http:\/\/gymieducation.com\/www\/wp-content\/uploads\/2022\/03\/Self-Employed_small-e1646322717328.png\" alt=\"\"> Individual teacher<\/h3>\n\n\n\n<ul><li>Program 3-6y<\/li><li>Gymi Education License &#8211; License to teach according to our curriculum<\/li><\/ul>\n\n\n\n<h3><img loading=\"lazy\" width=\"150\" height=\"129\" class=\"wp-image-457\" style=\"width: 50px;\" src=\"http:\/\/gymieducation.com\/www\/wp-content\/uploads\/2022\/03\/kindergarden-e1646324319753.png\" alt=\"\"> Kindergarden or Learning Studio<\/h3>\n\n\n\n<ul><li>Program 3-6y<\/li><li>Gymi Education License &#8211; License to teach according to our curriculum<\/li><\/ul>\n\n\n\n<div style=\"height:52px\" aria-hidden=\"true\" class=\"wp-block-spacer\"><\/div>\n\n\n\n<h2>Schulen <img loading=\"lazy\" width=\"253\" height=\"250\" class=\"wp-image-456\" style=\"width: 100px;\" src=\"http:\/\/gymieducation.com\/www\/wp-content\/uploads\/2022\/03\/Pallot_koulu.png\" alt=\"\" srcset=\"https:\/\/gymieducation.com\/de\/wp-content\/uploads\/2022\/03\/Pallot_koulu.png 253w, https:\/\/gymieducation.com\/de\/wp-content\/uploads\/2022\/03\/Pallot_koulu-61x60.png 61w\" sizes=\"(max-width: 253px) 100vw, 253px\" \/><\/h2>\n\n\n\n<h3><img loading=\"lazy\" width=\"150\" height=\"151\" class=\"wp-image-453\" style=\"width: 50px;\" src=\"http:\/\/gymieducation.com\/www\/wp-content\/uploads\/2022\/03\/Self-Employed_small-e1646322717328.png\" alt=\"\"> Individual teacher<\/h3>\n\n\n\n<ul><li>Program 6-9y<\/li><li>Gymi Education License &#8211; License to teach according to our curriculum<\/li><\/ul>\n\n\n\n<h3><img loading=\"lazy\" width=\"150\" height=\"128\" class=\"wp-image-458\" style=\"width: 50px;\" src=\"http:\/\/gymieducation.com\/www\/wp-content\/uploads\/2022\/03\/koulu-e1646324477594.png\" alt=\"\"> School or Learning Center<\/h3>\n\n\n\n<ul><li>Program 6-9y<\/li><li>Gymi Education License &#8211; License to teach according to our curriculum<\/li><\/ul>\n\n\n\n<div style=\"height:53px\" aria-hidden=\"true\" class=\"wp-block-spacer\"><\/div>\n\n\n\n<h2>Freizeitaktivit\u00e4ten         <img loading=\"lazy\" width=\"150\" height=\"150\" class=\"wp-image-427\" style=\"width: 100px;\" src=\"http:\/\/gymieducation.com\/www\/wp-content\/uploads\/2022\/02\/Pallot_Renkailla_intia-150x150-1.png\" alt=\"\" srcset=\"https:\/\/gymieducation.com\/de\/wp-content\/uploads\/2022\/02\/Pallot_Renkailla_intia-150x150-1.png 150w, https:\/\/gymieducation.com\/de\/wp-content\/uploads\/2022\/02\/Pallot_Renkailla_intia-150x150-1-60x60.png 60w\" sizes=\"(max-width: 150px) 100vw, 150px\" \/><\/h2>\n\n\n\n<h3><img loading=\"lazy\" width=\"150\" height=\"161\" class=\"wp-image-452\" style=\"width: 50px;\" src=\"http:\/\/gymieducation.com\/www\/wp-content\/uploads\/2022\/03\/Self-Employed-e1646321134131.png\" alt=\"\"> Self-Employed teacher \/ PT<\/h3>\n\n\n\n<ul><li>Program 3-6y and 6-9y<\/li><li>Gymi Education License &#8211; License to teach according to our curriculum<\/li><\/ul>\n\n\n\n<h3><img loading=\"lazy\" width=\"150\" height=\"161\" class=\"wp-image-454\" style=\"width: 50px;\" src=\"http:\/\/gymieducation.com\/www\/wp-content\/uploads\/2022\/03\/fitnes_club-e1646322856828.png\" alt=\"\"> Health and Sports clubs<\/h3>\n\n\n\n<ul><li>Program 3-6y and 6-9y<\/li><li>Gymi Education License &#8211; License to teach according to our curriculum<\/li><\/ul>\n\n\n\n<h3><img loading=\"lazy\" width=\"150\" height=\"150\" class=\"wp-image-455\" style=\"width: 50px;\" src=\"http:\/\/gymieducation.com\/www\/wp-content\/uploads\/2022\/03\/childrens_gym-e1646323541893.png\" alt=\"\"> Childrens Health Clubs or Sports Clubs<\/h3>\n\n\n\n<ul><li>Program 3-6y and 6-9y<\/li><li>Gymi Education License &#8211; License to teach according to our curriculum<\/li><\/ul>\n\n\n\n<div style=\"height:59px\" aria-hidden=\"true\" class=\"wp-block-spacer\"><\/div>\n\n\n\n<div style=\"height:49px\" aria-hidden=\"true\" class=\"wp-block-spacer\"><\/div>\n\n\n\n<p><\/p>\n","protected":false},"excerpt":{"rendered":"<p>Modelle f\u00fcr eine Partnerschaftf\u00fcr Vorschulen, Kinderg\u00e4rten, Schulenund Freizeitaktivit\u00e4ten Vorschulen und Kinderg\u00e4rten Individual teacher Program 3-6y Gymi Education License &#8211; License to teach according to our curriculum Kindergarden or Learning Studio Program 3-6y Gymi Education License &#8211; License to teach according to our curriculum Schulen Individual teacher Program 6-9y Gymi Education License &#8211; License to teach according to our curriculum School or Learning Center Program 6-9y Gymi Education License &#8211; License to teach according to our curriculum Freizeitaktivit\u00e4ten Self-Employed teacher \/ PT Program 3-6y and 6-9y Gymi Education License &#8211; License to teach according to our curriculum Health and Sports clubs &hellip; <\/p>\n","protected":false},"author":1,"featured_media":0,"parent":0,"menu_order":0,"comment_status":"closed","ping_status":"closed","template":"","meta":[],"_links":{"self":[{"href":"https:\/\/gymieducation.com\/de\/wp-json\/wp\/v2\/pages\/408"}],"collection":[{"href":"https:\/\/gymieducation.com\/de\/wp-json\/wp\/v2\/pages"}],"about":[{"href":"https:\/\/gymieducation.com\/de\/wp-json\/wp\/v2\/types\/page"}],"author":[{"embeddable":true,"href":"https:\/\/gymieducation.com\/de\/wp-json\/wp\/v2\/users\/1"}],"replies":[{"embeddable":true,"href":"https:\/\/gymieducation.com\/de\/wp-json\/wp\/v2\/comments?post=408"}],"version-history":[{"count":30,"href":"https:\/\/gymieducation.com\/de\/wp-json\/wp\/v2\/pages\/408\/revisions"}],"predecessor-version":[{"id":524,"href":"https:\/\/gymieducation.com\/de\/wp-json\/wp\/v2\/pages\/408\/revisions\/524"}],"wp:attachment":[{"href":"https:\/\/gymieducation.com\/de\/wp-json\/wp\/v2\/media?parent=408"}],"curies":[{"name":"wp","href":"https:\/\/api.w.org\/{rel}","templated":true}]}}