{"id":461,"date":"2022-03-03T20:50:01","date_gmt":"2022-03-03T18:50:01","guid":{"rendered":"http:\/\/gymieducation.com\/www\/?page_id=461"},"modified":"2022-03-18T08:27:26","modified_gmt":"2022-03-18T07:27:26","slug":"das-gleichgewicht","status":"publish","type":"page","link":"https:\/\/gymieducation.com\/de\/das-gleichgewicht\/","title":{"rendered":"Das Gleichgewicht und die motorischen F\u00e4higkeiten"},"content":{"rendered":"\n<h2>Das Gleichgewicht und die motorischen F\u00e4higkeiten sind die Grundlage f\u00fcr alles<\/h2>\n\n\n\n<p>Weltweit haben immer mehr Kinder Lernschwierigkeiten und bereits gesundheitliche Probleme. Um diese Probleme anzugehen, m\u00fcssen wir Instrumente entwickeln f\u00fcr Eltern, Lehrer und Freizeitbetreuer, d.h. die Erwachsenen, die f\u00fcr die Erziehung und Gesundheit unserer Kinder verantwortlich sind.<\/p>\n\n\n\n<p><br>Wir wollen, dass unsere Kinder gl\u00fccklich und gesund sind, und wir wissen, dass gl\u00fcckliche und gesunde Kinder in der Schule besser lernen. Wir wissen, dass Kinder gl\u00fccklicher und ges\u00fcnder sind, wenn sie die M\u00f6glichkeit haben, sich nat\u00fcrlich zu bewegen und in einer Umgebung zu lernen, in der Stillsitzen vermieden werden kann und das Lernen zumindest teilweise durch Bewegung erfolgen kann. Wir wissen auch, dass der Gleichgewichtssinn einen direkten Einfluss auf unser Gehirn, unsere Konzentrations- und Lernf\u00e4higkeit besitzt. Mit anderen Worten: Kognitives Lernen wird durch das Training unseres Gleichgewichtssinns einfacher und macht mehr Spa\u00df.<\/p>\n\n\n\n<p><br>Wir wollen nat\u00fcrliche Bewegung, Motorik und Gleichgewichtstraining in das Leben unserer Kinder bringen, in Schulen und Kinderg\u00e4rten ebenso wie in die Freizeitgestaltung. Durch Bewegung und Spiel lernen Kinder!<\/p>\n\n\n\n<p><br>Gymi Education bietet das Handwerkszeug f\u00fcr Lehrkr\u00e4fte, die in ihren Klassenzimmern und anderswo Gesundheit, Konzentration und Ruhe sowie kognitives Lernen f\u00f6rdern m\u00f6chten.<\/p>\n\n\n\n<figure class=\"wp-block-image size-large\"><img loading=\"lazy\" width=\"1024\" height=\"683\" src=\"http:\/\/gymieducation.com\/www\/wp-content\/uploads\/2022\/03\/Lunakavelee_1080-1024x683.jpg\" alt=\"\" class=\"wp-image-466\" srcset=\"https:\/\/gymieducation.com\/de\/wp-content\/uploads\/2022\/03\/Lunakavelee_1080-1024x683.jpg 1024w, https:\/\/gymieducation.com\/de\/wp-content\/uploads\/2022\/03\/Lunakavelee_1080-300x200.jpg 300w, https:\/\/gymieducation.com\/de\/wp-content\/uploads\/2022\/03\/Lunakavelee_1080-768x512.jpg 768w, https:\/\/gymieducation.com\/de\/wp-content\/uploads\/2022\/03\/Lunakavelee_1080-1536x1024.jpg 1536w, https:\/\/gymieducation.com\/de\/wp-content\/uploads\/2022\/03\/Lunakavelee_1080-90x60.jpg 90w, https:\/\/gymieducation.com\/de\/wp-content\/uploads\/2022\/03\/Lunakavelee_1080.jpg 1620w\" sizes=\"(max-width: 1024px) 100vw, 1024px\" \/><\/figure>\n\n\n\n<figure class=\"wp-block-pullquote\"><blockquote><p><a href=\"http:\/\/gymieducation.com\"><img loading=\"lazy\" width=\"1153\" height=\"450\" class=\"wp-image-340\" style=\"width: 150px;\" src=\"http:\/\/gymieducation.com\/www\/wp-content\/uploads\/2020\/06\/gymi_Education_CMYK.png\" alt=\"\" srcset=\"https:\/\/gymieducation.com\/de\/wp-content\/uploads\/2020\/06\/gymi_Education_CMYK.png 1153w, https:\/\/gymieducation.com\/de\/wp-content\/uploads\/2020\/06\/gymi_Education_CMYK-300x117.png 300w, https:\/\/gymieducation.com\/de\/wp-content\/uploads\/2020\/06\/gymi_Education_CMYK-1024x400.png 1024w, https:\/\/gymieducation.com\/de\/wp-content\/uploads\/2020\/06\/gymi_Education_CMYK-768x300.png 768w, https:\/\/gymieducation.com\/de\/wp-content\/uploads\/2020\/06\/gymi_Education_CMYK-154x60.png 154w\" sizes=\"(max-width: 1153px) 100vw, 1153px\" \/><\/a><\/p><\/blockquote><\/figure>\n\n\n\n<p><\/p>\n","protected":false},"excerpt":{"rendered":"<p>Das Gleichgewicht und die motorischen F\u00e4higkeiten sind die Grundlage f\u00fcr alles Weltweit haben immer mehr Kinder Lernschwierigkeiten und bereits gesundheitliche Probleme. Um diese Probleme anzugehen, m\u00fcssen wir Instrumente entwickeln f\u00fcr Eltern, Lehrer und Freizeitbetreuer, d.h. die Erwachsenen, die f\u00fcr die Erziehung und Gesundheit unserer Kinder verantwortlich sind. Wir wollen, dass unsere Kinder gl\u00fccklich und gesund sind, und wir wissen, dass gl\u00fcckliche und gesunde Kinder in der Schule besser lernen. Wir wissen, dass Kinder gl\u00fccklicher und ges\u00fcnder sind, wenn sie die M\u00f6glichkeit haben, sich nat\u00fcrlich zu bewegen und in einer Umgebung zu lernen, in der Stillsitzen vermieden werden kann und das &hellip; <\/p>\n","protected":false},"author":1,"featured_media":333,"parent":0,"menu_order":0,"comment_status":"closed","ping_status":"closed","template":"","meta":[],"_links":{"self":[{"href":"https:\/\/gymieducation.com\/de\/wp-json\/wp\/v2\/pages\/461"}],"collection":[{"href":"https:\/\/gymieducation.com\/de\/wp-json\/wp\/v2\/pages"}],"about":[{"href":"https:\/\/gymieducation.com\/de\/wp-json\/wp\/v2\/types\/page"}],"author":[{"embeddable":true,"href":"https:\/\/gymieducation.com\/de\/wp-json\/wp\/v2\/users\/1"}],"replies":[{"embeddable":true,"href":"https:\/\/gymieducation.com\/de\/wp-json\/wp\/v2\/comments?post=461"}],"version-history":[{"count":10,"href":"https:\/\/gymieducation.com\/de\/wp-json\/wp\/v2\/pages\/461\/revisions"}],"predecessor-version":[{"id":521,"href":"https:\/\/gymieducation.com\/de\/wp-json\/wp\/v2\/pages\/461\/revisions\/521"}],"wp:featuredmedia":[{"embeddable":true,"href":"https:\/\/gymieducation.com\/de\/wp-json\/wp\/v2\/media\/333"}],"wp:attachment":[{"href":"https:\/\/gymieducation.com\/de\/wp-json\/wp\/v2\/media?parent=461"}],"curies":[{"name":"wp","href":"https:\/\/api.w.org\/{rel}","templated":true}]}}