{"id":472,"date":"2022-03-04T16:45:21","date_gmt":"2022-03-04T14:45:21","guid":{"rendered":"http:\/\/gymieducation.com\/www\/?page_id=472"},"modified":"2022-06-07T14:50:20","modified_gmt":"2022-06-07T12:50:20","slug":"der-finnische-weg-zu-frohlichen-gesunden-konzentrierten-und-motivierten-kindern","status":"publish","type":"page","link":"https:\/\/gymieducation.com\/de\/der-finnische-weg-zu-frohlichen-gesunden-konzentrierten-und-motivierten-kindern\/","title":{"rendered":"Der finnische Weg zu fr\u00f6hlichen, gesunden, konzentrierten und motivierten Kindern\ufffc"},"content":{"rendered":"\n<h2>Lehrerfortbildung, Lehrplan und gebrauchsfertige Materialien<\/h2>\n\n\n\n<p>Das Lehrerfortbildungsprogramm von Gymi Education ist eine einfache M\u00f6glichkeit, nat\u00fcrliche Bewegung, motorische F\u00e4higkeiten und Gleichgewichts\u00fcbungen in den Schulalltag zu integrieren. Das Programm besteht aus mehreren Partnerschaftsmodellen:<\/p>\n\n\n\n<ul><li>Lehrerfortbildung<\/li><li>Gymi Education-Lizenz \u2013 Lizenz zum Unterrichten nach unserem Lehrplan, einschlie\u00dflich gebrauchsfertiger Materialien f\u00fcr die<ul><li>Lehrerfortbildung<\/li><\/ul><ul><li>sowie Lehrplan f\u00fcr den Erwerb von motorischen F\u00e4higkeiten und die Entwicklung des Gleichgewichtssinns, einschlie\u00dflich Tools f\u00fcr den Sportunterricht sowie f\u00fcr das Training des Gleichgewichts und der Bewegung im Unterricht \u2013 Unterricht durch Bewegung<\/li><\/ul><ul><li>Videos zur Unterst\u00fctzung Ihres Unterrichts<\/li><\/ul><ul><li>Vorschl\u00e4ge f\u00fcr Ihr physisches Lernumfeld<\/li><\/ul><ul><li>Marketingmaterial<\/li><\/ul><ul><li>Unterst\u00fctzung<\/li><\/ul><ul><li>Diese Art von Partnerschaft ist in Kinderg\u00e4rten, Vorschulen, Grundschulen und bei Freizeitaktivit\u00e4ten m\u00f6glich<\/li><\/ul><\/li><li>Gymi Franchise<ul><li>Ihr eigenes Studio oder Ihr eigener Fitnessclub<\/li><\/ul><\/li><li>Gymi Master Franchise<ul><li>Master-Franchisenehmer in Ihrem Markt werden<\/li><\/ul><\/li><\/ul>\n\n\n\n<hr class=\"wp-block-separator\"\/>\n\n\n\n<h2>Gymi Education Lehrerfortbildung und -beratung<\/h2>\n\n\n\n<p>Wir stellen Ihnen Webinare, Kurzkurse und Materialien zur Verf\u00fcgung.<br>Wir sind auch f\u00fcr Sie da, wenn Sie Unterst\u00fctzung ben\u00f6tigen. Gymi-Bildungsberatung ist unser Service, um Sie bei verschiedenen Fragen zu unterst\u00fctzen, zum Beispiel:<\/p>\n\n\n\n<ul><li>Ihrem physischen Lernumfeld<\/li><li>Wie Bewegungspausen oder Denkpausen eingef\u00fchrt werden k\u00f6nnen<\/li><li>Wie Kinder motiviert werden k\u00f6nnen<\/li><li>Wie man durch Bewegung und Spiel lehrt<\/li><li>Was es bei der Arbeit mit Kindern mit besonderen Bed\u00fcrfnissen zu beachten gilt<\/li><li>Andere m\u00f6gliche Fragen<\/li><\/ul>\n\n\n\n<div class=\"wp-block-media-text alignwide has-media-on-the-right is-stacked-on-mobile is-vertically-aligned-center\" style=\"grid-template-columns:auto 15%\"><figure class=\"wp-block-media-text__media\"><a href=\"http:\/\/gymieducation.com\/www\/wp-content\/uploads\/2022\/03\/shop.png\"><img loading=\"lazy\" width=\"139\" height=\"139\" src=\"http:\/\/gymieducation.com\/www\/wp-content\/uploads\/2022\/03\/shop.png\" alt=\"\" class=\"wp-image-476 size-full\" srcset=\"https:\/\/gymieducation.com\/de\/wp-content\/uploads\/2022\/03\/shop.png 139w, https:\/\/gymieducation.com\/de\/wp-content\/uploads\/2022\/03\/shop-60x60.png 60w\" sizes=\"(max-width: 139px) 100vw, 139px\" \/><\/a><\/figure><div class=\"wp-block-media-text__content\">\n<p>Wir bieten Kurse und Beratung online und vor Ort an Pr\u00fcfen Sie die verf\u00fcgbaren Kurse in unserem Shop! &#8211; COMING SOON!<\/p>\n<\/div><\/div>\n\n\n\n<hr class=\"wp-block-separator\"\/>\n\n\n\n<h2>Gymi Furniture Physische Lernumgebung<\/h2>\n\n\n\n<p>Als Preistr\u00e4ger der Auszeichnung \u201eBest Product to Promote Health, Fitness and Sports in the Classroom\u201c auf der GESS Dubai im Jahr 2020 stellt Gymi Furniture physische Lernumgebungen bereit<\/p>\n\n\n\n<figure class=\"wp-block-image size-large\"><img loading=\"lazy\" width=\"1024\" height=\"724\" src=\"http:\/\/gymieducation.com\/www\/wp-content\/uploads\/2022\/03\/Gammelbacka_skolan_1.2v-1024x724.png\" alt=\"\" class=\"wp-image-479\" srcset=\"https:\/\/gymieducation.com\/de\/wp-content\/uploads\/2022\/03\/Gammelbacka_skolan_1.2v-1024x724.png 1024w, https:\/\/gymieducation.com\/de\/wp-content\/uploads\/2022\/03\/Gammelbacka_skolan_1.2v-300x212.png 300w, https:\/\/gymieducation.com\/de\/wp-content\/uploads\/2022\/03\/Gammelbacka_skolan_1.2v-768x543.png 768w, https:\/\/gymieducation.com\/de\/wp-content\/uploads\/2022\/03\/Gammelbacka_skolan_1.2v-85x60.png 85w, https:\/\/gymieducation.com\/de\/wp-content\/uploads\/2022\/03\/Gammelbacka_skolan_1.2v.png 1528w\" sizes=\"(max-width: 1024px) 100vw, 1024px\" \/><\/figure>\n\n\n\n<figure class=\"wp-block-gallery has-nested-images columns-default\">\n<figure class=\"wp-block-image size-full\"><img loading=\"lazy\" width=\"250\" height=\"128\" data-id=\"480\"  src=\"http:\/\/gymieducation.com\/www\/wp-content\/uploads\/2022\/03\/Gess-Educatio-Award-Winner-2020-small.jpg\" alt=\"\" class=\"wp-image-480\" srcset=\"https:\/\/gymieducation.com\/de\/wp-content\/uploads\/2022\/03\/Gess-Educatio-Award-Winner-2020-small.jpg 250w, https:\/\/gymieducation.com\/de\/wp-content\/uploads\/2022\/03\/Gess-Educatio-Award-Winner-2020-small-117x60.jpg 117w\" sizes=\"(max-width: 250px) 100vw, 250px\" \/><\/figure>\n\n\n\n<figure class=\"wp-block-image size-full\"><img loading=\"lazy\" width=\"250\" height=\"96\" data-id=\"481\"  src=\"http:\/\/gymieducation.com\/www\/wp-content\/uploads\/2022\/03\/gymi_outlineCMYK_paksu.png\" alt=\"\" class=\"wp-image-481\" srcset=\"https:\/\/gymieducation.com\/de\/wp-content\/uploads\/2022\/03\/gymi_outlineCMYK_paksu.png 250w, https:\/\/gymieducation.com\/de\/wp-content\/uploads\/2022\/03\/gymi_outlineCMYK_paksu-156x60.png 156w\" sizes=\"(max-width: 250px) 100vw, 250px\" \/><\/figure>\n<\/figure>\n","protected":false},"excerpt":{"rendered":"<p>Lehrerfortbildung, Lehrplan und gebrauchsfertige Materialien Das Lehrerfortbildungsprogramm von Gymi Education ist eine einfache M\u00f6glichkeit, nat\u00fcrliche Bewegung, motorische F\u00e4higkeiten und Gleichgewichts\u00fcbungen in den Schulalltag zu integrieren. Das Programm besteht aus mehreren Partnerschaftsmodellen: Lehrerfortbildung Gymi Education-Lizenz \u2013 Lizenz zum Unterrichten nach unserem Lehrplan, einschlie\u00dflich gebrauchsfertiger Materialien f\u00fcr die Lehrerfortbildung sowie Lehrplan f\u00fcr den Erwerb von motorischen F\u00e4higkeiten und die Entwicklung des Gleichgewichtssinns, einschlie\u00dflich Tools f\u00fcr den Sportunterricht sowie f\u00fcr das Training des Gleichgewichts und der Bewegung im Unterricht \u2013 Unterricht durch Bewegung Videos zur Unterst\u00fctzung Ihres Unterrichts Vorschl\u00e4ge f\u00fcr Ihr physisches Lernumfeld Marketingmaterial Unterst\u00fctzung Diese Art von Partnerschaft ist in Kinderg\u00e4rten, Vorschulen, &hellip; <\/p>\n","protected":false},"author":1,"featured_media":0,"parent":0,"menu_order":0,"comment_status":"closed","ping_status":"closed","template":"","meta":[],"_links":{"self":[{"href":"https:\/\/gymieducation.com\/de\/wp-json\/wp\/v2\/pages\/472"}],"collection":[{"href":"https:\/\/gymieducation.com\/de\/wp-json\/wp\/v2\/pages"}],"about":[{"href":"https:\/\/gymieducation.com\/de\/wp-json\/wp\/v2\/types\/page"}],"author":[{"embeddable":true,"href":"https:\/\/gymieducation.com\/de\/wp-json\/wp\/v2\/users\/1"}],"replies":[{"embeddable":true,"href":"https:\/\/gymieducation.com\/de\/wp-json\/wp\/v2\/comments?post=472"}],"version-history":[{"count":8,"href":"https:\/\/gymieducation.com\/de\/wp-json\/wp\/v2\/pages\/472\/revisions"}],"predecessor-version":[{"id":562,"href":"https:\/\/gymieducation.com\/de\/wp-json\/wp\/v2\/pages\/472\/revisions\/562"}],"wp:attachment":[{"href":"https:\/\/gymieducation.com\/de\/wp-json\/wp\/v2\/media?parent=472"}],"curies":[{"name":"wp","href":"https:\/\/api.w.org\/{rel}","templated":true}]}}