{"id":483,"date":"2022-03-04T17:32:22","date_gmt":"2022-03-04T15:32:22","guid":{"rendered":"http:\/\/gymieducation.com\/www\/?page_id=483"},"modified":"2022-06-07T14:49:39","modified_gmt":"2022-06-07T12:49:39","slug":"aktive-physische-lernumgebungen","status":"publish","type":"page","link":"https:\/\/gymieducation.com\/de\/aktive-physische-lernumgebungen\/","title":{"rendered":"Aktive Physische Lernumgebungen"},"content":{"rendered":"\n<h2>Gymi Furniture stellt aktive physische Lernumgebungen bereit<\/h2>\n\n\n\n<p>Wir unterst\u00fctzen Sie gerne bei der Gestaltung Ihrer aktiven physischen Lernumgebungen, in denen nat\u00fcrliche Bewegung und Gleichgewichts\u00fcbungen m\u00f6glich sind und in denen M\u00f6bel das Werkzeug der Lehrkr\u00e4fte f\u00fcr besseres Lernen sind.<\/p>\n\n\n\n<p>Besuchen Sie  <a rel=\"noreferrer noopener\" href=\"http:\/\/www.gymifurniture.com\" target=\"_blank\">www.gymifurniture.com<\/a> und schauen Sie sich verschiedene Arten von Einrichtungen an.<\/p>\n\n\n\n<p>Gerne beantworten wir Ihre Fragen zur Gestaltung von Lernumgebungen sowie den Kauf von M\u00f6beln und Ausstattung unter  <a href=\"mailto:shop@gymi.fi\">shop@gymi.fi<\/a><\/p>\n\n\n\n<p>Gymi Furniture \u2013 Preistr\u00e4ger der Auszeichnung \u201eBest Product to Promote Health, Fitness and Sports in the Classroom\u201c auf der GESS Dubai im Jahr 2020<\/p>\n\n\n\n<figure class=\"wp-block-gallery has-nested-images columns-default is-cropped\">\n<figure class=\"wp-block-image size-large\"><img loading=\"lazy\" width=\"1024\" height=\"576\" data-id=\"484\"  src=\"http:\/\/gymieducation.com\/www\/wp-content\/uploads\/2022\/03\/Furniture-luokka-1024x576.jpg\" alt=\"\" class=\"wp-image-484\" srcset=\"https:\/\/gymieducation.com\/de\/wp-content\/uploads\/2022\/03\/Furniture-luokka-1024x576.jpg 1024w, https:\/\/gymieducation.com\/de\/wp-content\/uploads\/2022\/03\/Furniture-luokka-300x169.jpg 300w, https:\/\/gymieducation.com\/de\/wp-content\/uploads\/2022\/03\/Furniture-luokka-768x432.jpg 768w, https:\/\/gymieducation.com\/de\/wp-content\/uploads\/2022\/03\/Furniture-luokka-1536x864.jpg 1536w, https:\/\/gymieducation.com\/de\/wp-content\/uploads\/2022\/03\/Furniture-luokka-107x60.jpg 107w, https:\/\/gymieducation.com\/de\/wp-content\/uploads\/2022\/03\/Furniture-luokka.jpg 1920w\" sizes=\"(max-width: 1024px) 100vw, 1024px\" \/><\/figure>\n\n\n\n<figure class=\"wp-block-image size-large\"><img loading=\"lazy\" width=\"1024\" height=\"769\" data-id=\"485\"  src=\"http:\/\/gymieducation.com\/www\/wp-content\/uploads\/2022\/03\/Furniture_luakka-1024x769.jpg\" alt=\"\" class=\"wp-image-485\" srcset=\"https:\/\/gymieducation.com\/de\/wp-content\/uploads\/2022\/03\/Furniture_luakka-1024x769.jpg 1024w, https:\/\/gymieducation.com\/de\/wp-content\/uploads\/2022\/03\/Furniture_luakka-300x225.jpg 300w, https:\/\/gymieducation.com\/de\/wp-content\/uploads\/2022\/03\/Furniture_luakka-768x576.jpg 768w, https:\/\/gymieducation.com\/de\/wp-content\/uploads\/2022\/03\/Furniture_luakka-80x60.jpg 80w, https:\/\/gymieducation.com\/de\/wp-content\/uploads\/2022\/03\/Furniture_luakka.jpg 1439w\" sizes=\"(max-width: 1024px) 100vw, 1024px\" \/><\/figure>\n<\/figure>\n\n\n\n<hr class=\"wp-block-separator\"\/>\n\n\n\n<div class=\"wp-block-image\"><figure class=\"aligncenter size-large\"><a href=\"http:\/\/www.gymifurniture.com\"><img loading=\"lazy\" width=\"250\" height=\"96\" src=\"http:\/\/gymieducation.com\/www\/wp-content\/uploads\/2022\/03\/gymi_outlineCMYK_paksu.png\" alt=\"\" class=\"wp-image-481\" srcset=\"https:\/\/gymieducation.com\/de\/wp-content\/uploads\/2022\/03\/gymi_outlineCMYK_paksu.png 250w, https:\/\/gymieducation.com\/de\/wp-content\/uploads\/2022\/03\/gymi_outlineCMYK_paksu-156x60.png 156w\" sizes=\"(max-width: 250px) 100vw, 250px\" \/><\/a><\/figure><\/div>\n","protected":false},"excerpt":{"rendered":"<p>Aktive Physische Lernumgebungen<\/p>\n","protected":false},"author":1,"featured_media":479,"parent":0,"menu_order":0,"comment_status":"closed","ping_status":"closed","template":"","meta":[],"_links":{"self":[{"href":"https:\/\/gymieducation.com\/de\/wp-json\/wp\/v2\/pages\/483"}],"collection":[{"href":"https:\/\/gymieducation.com\/de\/wp-json\/wp\/v2\/pages"}],"about":[{"href":"https:\/\/gymieducation.com\/de\/wp-json\/wp\/v2\/types\/page"}],"author":[{"embeddable":true,"href":"https:\/\/gymieducation.com\/de\/wp-json\/wp\/v2\/users\/1"}],"replies":[{"embeddable":true,"href":"https:\/\/gymieducation.com\/de\/wp-json\/wp\/v2\/comments?post=483"}],"version-history":[{"count":8,"href":"https:\/\/gymieducation.com\/de\/wp-json\/wp\/v2\/pages\/483\/revisions"}],"predecessor-version":[{"id":561,"href":"https:\/\/gymieducation.com\/de\/wp-json\/wp\/v2\/pages\/483\/revisions\/561"}],"wp:featuredmedia":[{"embeddable":true,"href":"https:\/\/gymieducation.com\/de\/wp-json\/wp\/v2\/media\/479"}],"wp:attachment":[{"href":"https:\/\/gymieducation.com\/de\/wp-json\/wp\/v2\/media?parent=483"}],"curies":[{"name":"wp","href":"https:\/\/api.w.org\/{rel}","templated":true}]}}